{"id":8,"date":"2024-07-18T03:12:03","date_gmt":"2024-07-18T03:12:03","guid":{"rendered":"https:\/\/drthrockmorton.com\/?page_id=8"},"modified":"2025-03-06T14:53:00","modified_gmt":"2025-03-06T07:53:00","slug":"homepage","status":"publish","type":"page","link":"https:\/\/drthrockmorton.com\/","title":{"rendered":"Fun88 &#8211; Link v\u00e0o Fun88 m\u1edbi nh\u1ea5t &#8211; \u0110\u0103ng nh\u1eadp nh\u00e0 c\u00e1i Fun88 \u26a1\ufe0f"},"content":{"rendered":"<p>&nbsp;<\/p>\n<table>\n<tbody>\n<tr>\n<th colspan=\"2\">T\u1ed5ng quan v\u1ec1 Fun88<\/th>\n<\/tr>\n<tr>\n<td class=\"small text-uppercase\" style=\"text-align: left;\"><span style=\"font-size: 110%;\"><strong>T\u00ean nh\u00e0 c\u00e1i:<\/strong><\/span><\/td>\n<td class=\"fdesc aTitle text-uppercase\" style=\"text-align: left;\"><span style=\"font-size: 110%;\"><strong>\u2b50 Fun88<\/strong><\/span><\/td>\n<\/tr>\n<tr>\n<td class=\"small text-uppercase\" style=\"text-align: left;\"><span style=\"font-size: 110%;\"><strong>N\u0103m th\u00e0nh l\u1eadp:<\/strong><\/span><\/td>\n<td class=\"fdesc small text-uppercase\" style=\"text-align: left;\"><span style=\"font-size: 110%;\">\u2b50 2008<\/span><\/td>\n<\/tr>\n<tr>\n<td class=\"small text-uppercase\" style=\"text-align: left;\"><span style=\"font-size: 110%;\"><strong>Gi\u1ea5y ph\u00e9p ho\u1ea1t \u0111\u1ed9ng:<\/strong><\/span><\/td>\n<td class=\"fdesc small text-uppercase\" style=\"text-align: left;\"><span style=\"font-size: 110%;\">\u2b50 E Gambling Montenegro v\u00e0 PAGCOR<\/span><\/td>\n<\/tr>\n<tr>\n<td class=\"small text-uppercase\" style=\"text-align: left;\"><span style=\"font-size: 110%;\"><b>\u0110\u1ed1i t\u00e1c c\u00e1 c\u01b0\u1ee3c:<\/b><\/span><\/td>\n<td class=\"fdesc small\" style=\"text-align: left;\"><span style=\"font-size: 110%;\">\u2b50 Newcastle United FC<\/span><\/td>\n<\/tr>\n<tr>\n<td class=\"small text-uppercase\" style=\"text-align: left;\"><span style=\"font-size: 110%;\"><b>Link v\u00e0o Fun88:<\/b><\/span><\/td>\n<td class=\"fdesc small text-uppercase\" style=\"text-align: left;\"><span style=\"font-size: 110%;\">\u2b50 Fun88.com &#8211; Fun88 login &#8211; Fun88 link &#8211; m.Fun88<\/span><\/td>\n<\/tr>\n<tr>\n<td class=\"small text-uppercase\" style=\"text-align: left;\"><span style=\"font-size: 110%;\"><b>\u1ee8ng d\u1ee5ng Fun88 Mobile:\u00a0<\/b><\/span><\/td>\n<td class=\"fdesc small\" style=\"text-align: left;\"><span style=\"font-size: 110%;\">\u2b50 Android &amp; iOS<\/span><\/td>\n<\/tr>\n<tr>\n<td class=\"small text-uppercase\" style=\"text-align: left;\"><span style=\"font-size: 110%;\"><strong>Tr\u00f2 ch\u01a1i c\u00e1 c\u01b0\u1ee3c:<\/strong><\/span><\/td>\n<td class=\"fdesc small text-uppercase\" style=\"text-align: left;\"><span style=\"font-size: 110%;\">\u2b50 Th\u1ec3 thao, Casino, E-Sports, X\u1ed5 s\u1ed1, Slot, B\u1eafn C\u00e1, Poker<\/span><\/td>\n<\/tr>\n<tr>\n<td class=\"small text-uppercase\" style=\"text-align: left;\"><span style=\"font-size: 110%;\"><strong>Ph\u01b0\u01a1ng th\u1ee9c thanh to\u00e1n:<\/strong><\/span><\/td>\n<td class=\"fdesc small text-uppercase\" style=\"text-align: left;\"><span style=\"font-size: 110%;\">\u2b50 Chuy\u1ec3n kho\u1ea3n ng\u00e2n h\u00e0ng, Zalo Pay, MonoPay, Viettel Pay, Fastpay, QR Pay<\/span><\/td>\n<\/tr>\n<tr>\n<td class=\"small text-uppercase\" style=\"text-align: left;\"><span style=\"font-size: 110%;\"><strong>D\u1ecbch v\u1ee5 kh\u00e1ch h\u00e0ng:<\/strong><\/span><\/td>\n<td class=\"fdesc small text-uppercase\" style=\"text-align: left;\"><span style=\"font-size: 110%;\">\u2b50 D\u1ecbch v\u1ee5 h\u1ed7 tr\u1ee3 kh\u00e1ch h\u00e0ng 24\/7<\/span><\/td>\n<\/tr>\n<\/tbody>\n<\/table>\n<p>&nbsp;<\/p>\n<div><\/div>\n","protected":false},"excerpt":{"rendered":"<p>&nbsp; T\u1ed5ng quan v\u1ec1 Fun88 T\u00ean nh\u00e0 c\u00e1i: \u2b50 Fun88 N\u0103m th\u00e0nh l\u1eadp: \u2b50 2008 Gi\u1ea5y ph\u00e9p ho\u1ea1t \u0111\u1ed9ng: \u2b50 E Gambling Montenegro v\u00e0 PAGCOR \u0110\u1ed1i t\u00e1c c\u00e1 c\u01b0\u1ee3c: \u2b50 Newcastle United FC Link v\u00e0o Fun88: \u2b50 Fun88.com &#8211; Fun88 login &#8211; Fun88 link &#8211; m.Fun88 \u1ee8ng d\u1ee5ng Fun88 Mobile:\u00a0 \u2b50 Android &amp; iOS Tr\u00f2 [&hellip;]<\/p>\n","protected":false},"author":1,"featured_media":81,"parent":0,"menu_order":0,"comment_status":"closed","ping_status":"closed","template":"templates\/home.php","meta":{"_acf_changed":false,"footnotes":""},"class_list":["post-8","page","type-page","status-publish","has-post-thumbnail","hentry"],"acf":[],"yoast_head":"<!-- This site is optimized with the Yoast SEO plugin v23.0 - https:\/\/yoast.com\/wordpress\/plugins\/seo\/ -->\n<title>Fun88 - Link v\u00e0o Fun88 m\u1edbi nh\u1ea5t - \u0110\u0103ng nh\u1eadp nh\u00e0 c\u00e1i Fun88 \u26a1\ufe0f<\/title>\n<meta name=\"description\" content=\"Fun88 l\u00e0 nh\u00e0 c\u00e1i n\u1ed5i ti\u1ebfng trong l\u0129nh v\u1ef1c c\u00e1 c\u01b0\u1ee3c th\u1ec3 thao v\u00e0 casino tr\u1ef1c tuy\u1ebfn. Truy c\u1eadp link v\u00e0o Fun88 m\u1edbi nh\u1ea5t \u0111\u1ec3 c\u0169ng kh\u00e1m ph\u00e1 th\u1ebf gi\u1edbi c\u00e1 c\u01b0\u1ee3c s\u00f4i \u0111\u1ed9ng.\" \/>\n<meta name=\"robots\" content=\"index, follow, max-snippet:-1, max-image-preview:large, max-video-preview:-1\" \/>\n<link rel=\"canonical\" href=\"https:\/\/drthrockmorton.com\/\" \/>\n<meta property=\"og:locale\" content=\"en_US\" \/>\n<meta property=\"og:type\" content=\"article\" \/>\n<meta property=\"og:title\" content=\"Fun88 - Link v\u00e0o Fun88 m\u1edbi nh\u1ea5t - \u0110\u0103ng nh\u1eadp nh\u00e0 c\u00e1i Fun88 \u26a1\ufe0f\" \/>\n<meta property=\"og:description\" content=\"Fun88 l\u00e0 nh\u00e0 c\u00e1i n\u1ed5i ti\u1ebfng trong l\u0129nh v\u1ef1c c\u00e1 c\u01b0\u1ee3c th\u1ec3 thao v\u00e0 casino tr\u1ef1c tuy\u1ebfn. Truy c\u1eadp link v\u00e0o Fun88 m\u1edbi nh\u1ea5t \u0111\u1ec3 c\u0169ng kh\u00e1m ph\u00e1 th\u1ebf gi\u1edbi c\u00e1 c\u01b0\u1ee3c s\u00f4i \u0111\u1ed9ng.\" \/>\n<meta property=\"og:url\" content=\"https:\/\/drthrockmorton.com\/\" \/>\n<meta property=\"og:site_name\" content=\"Fun88\" \/>\n<meta property=\"article:modified_time\" content=\"2025-03-06T07:53:00+00:00\" \/>\n<meta property=\"og:image\" content=\"https:\/\/drthrockmorton.com\/wp-content\/uploads\/2025\/01\/Fun88-banner.webp\" \/>\n\t<meta property=\"og:image:width\" content=\"1920\" \/>\n\t<meta property=\"og:image:height\" content=\"600\" \/>\n\t<meta property=\"og:image:type\" content=\"image\/webp\" \/>\n<meta name=\"twitter:card\" content=\"summary_large_image\" \/>\n<meta name=\"twitter:label1\" content=\"Est. reading time\" \/>\n\t<meta name=\"twitter:data1\" content=\"1 minute\" \/>\n<script type=\"application\/ld+json\" class=\"yoast-schema-graph\">{\"@context\":\"https:\/\/schema.org\",\"@graph\":[{\"@type\":\"WebPage\",\"@id\":\"https:\/\/drthrockmorton.com\/\",\"url\":\"https:\/\/drthrockmorton.com\/\",\"name\":\"Fun88 - Link v\u00e0o Fun88 m\u1edbi nh\u1ea5t - \u0110\u0103ng nh\u1eadp nh\u00e0 c\u00e1i Fun88 \u26a1\ufe0f\",\"isPartOf\":{\"@id\":\"https:\/\/drthrockmorton.com\/#website\"},\"primaryImageOfPage\":{\"@id\":\"https:\/\/drthrockmorton.com\/#primaryimage\"},\"image\":{\"@id\":\"https:\/\/drthrockmorton.com\/#primaryimage\"},\"thumbnailUrl\":\"https:\/\/drthrockmorton.com\/wp-content\/uploads\/2025\/01\/Fun88-banner.webp\",\"datePublished\":\"2024-07-18T03:12:03+00:00\",\"dateModified\":\"2025-03-06T07:53:00+00:00\",\"description\":\"Fun88 l\u00e0 nh\u00e0 c\u00e1i n\u1ed5i ti\u1ebfng trong l\u0129nh v\u1ef1c c\u00e1 c\u01b0\u1ee3c th\u1ec3 thao v\u00e0 casino tr\u1ef1c tuy\u1ebfn. Truy c\u1eadp link v\u00e0o Fun88 m\u1edbi nh\u1ea5t \u0111\u1ec3 c\u0169ng kh\u00e1m ph\u00e1 th\u1ebf gi\u1edbi c\u00e1 c\u01b0\u1ee3c s\u00f4i \u0111\u1ed9ng.\",\"breadcrumb\":{\"@id\":\"https:\/\/drthrockmorton.com\/#breadcrumb\"},\"inLanguage\":\"en-US\",\"potentialAction\":[{\"@type\":\"ReadAction\",\"target\":[\"https:\/\/drthrockmorton.com\/\"]}]},{\"@type\":\"ImageObject\",\"inLanguage\":\"en-US\",\"@id\":\"https:\/\/drthrockmorton.com\/#primaryimage\",\"url\":\"https:\/\/drthrockmorton.com\/wp-content\/uploads\/2025\/01\/Fun88-banner.webp\",\"contentUrl\":\"https:\/\/drthrockmorton.com\/wp-content\/uploads\/2025\/01\/Fun88-banner.webp\",\"width\":1920,\"height\":600,\"caption\":\"Fun88\"},{\"@type\":\"BreadcrumbList\",\"@id\":\"https:\/\/drthrockmorton.com\/#breadcrumb\",\"itemListElement\":[{\"@type\":\"ListItem\",\"position\":1,\"name\":\"Home\",\"item\":\"https:\/\/drthrockmorton.com\/\"},{\"@type\":\"ListItem\",\"position\":2,\"name\":\"Fun88 &#8211; Link v\u00e0o Fun88 m\u1edbi nh\u1ea5t &#8211; \u0110\u0103ng nh\u1eadp nh\u00e0 c\u00e1i Fun88 \u26a1\ufe0f\"}]},{\"@type\":\"WebSite\",\"@id\":\"https:\/\/drthrockmorton.com\/#website\",\"url\":\"https:\/\/drthrockmorton.com\/\",\"name\":\"Fun88\",\"description\":\"\",\"publisher\":{\"@id\":\"https:\/\/drthrockmorton.com\/#organization\"},\"potentialAction\":[{\"@type\":\"SearchAction\",\"target\":{\"@type\":\"EntryPoint\",\"urlTemplate\":\"https:\/\/drthrockmorton.com\/?s={search_term_string}\"},\"query-input\":\"required name=search_term_string\"}],\"inLanguage\":\"en-US\"},{\"@type\":\"Organization\",\"@id\":\"https:\/\/drthrockmorton.com\/#organization\",\"name\":\"Fun88\",\"url\":\"https:\/\/drthrockmorton.com\/\",\"logo\":{\"@type\":\"ImageObject\",\"inLanguage\":\"en-US\",\"@id\":\"https:\/\/drthrockmorton.com\/#\/schema\/logo\/image\/\",\"url\":\"https:\/\/drthrockmorton.com\/wp-content\/uploads\/2025\/01\/Fun88-logo4.png\",\"contentUrl\":\"https:\/\/drthrockmorton.com\/wp-content\/uploads\/2025\/01\/Fun88-logo4.png\",\"width\":1030,\"height\":176,\"caption\":\"Fun88\"},\"image\":{\"@id\":\"https:\/\/drthrockmorton.com\/#\/schema\/logo\/image\/\"}}]}<\/script>\n<!-- \/ Yoast SEO plugin. -->","yoast_head_json":{"title":"Fun88 - Link v\u00e0o Fun88 m\u1edbi nh\u1ea5t - \u0110\u0103ng nh\u1eadp nh\u00e0 c\u00e1i Fun88 \u26a1\ufe0f","description":"Fun88 l\u00e0 nh\u00e0 c\u00e1i n\u1ed5i ti\u1ebfng trong l\u0129nh v\u1ef1c c\u00e1 c\u01b0\u1ee3c th\u1ec3 thao v\u00e0 casino tr\u1ef1c tuy\u1ebfn. Truy c\u1eadp link v\u00e0o Fun88 m\u1edbi nh\u1ea5t \u0111\u1ec3 c\u0169ng kh\u00e1m ph\u00e1 th\u1ebf gi\u1edbi c\u00e1 c\u01b0\u1ee3c s\u00f4i \u0111\u1ed9ng.","robots":{"index":"index","follow":"follow","max-snippet":"max-snippet:-1","max-image-preview":"max-image-preview:large","max-video-preview":"max-video-preview:-1"},"canonical":"https:\/\/drthrockmorton.com\/","og_locale":"en_US","og_type":"article","og_title":"Fun88 - Link v\u00e0o Fun88 m\u1edbi nh\u1ea5t - \u0110\u0103ng nh\u1eadp nh\u00e0 c\u00e1i Fun88 \u26a1\ufe0f","og_description":"Fun88 l\u00e0 nh\u00e0 c\u00e1i n\u1ed5i ti\u1ebfng trong l\u0129nh v\u1ef1c c\u00e1 c\u01b0\u1ee3c th\u1ec3 thao v\u00e0 casino tr\u1ef1c tuy\u1ebfn. Truy c\u1eadp link v\u00e0o Fun88 m\u1edbi nh\u1ea5t \u0111\u1ec3 c\u0169ng kh\u00e1m ph\u00e1 th\u1ebf gi\u1edbi c\u00e1 c\u01b0\u1ee3c s\u00f4i \u0111\u1ed9ng.","og_url":"https:\/\/drthrockmorton.com\/","og_site_name":"Fun88","article_modified_time":"2025-03-06T07:53:00+00:00","og_image":[{"width":1920,"height":600,"url":"https:\/\/drthrockmorton.com\/wp-content\/uploads\/2025\/01\/Fun88-banner.webp","type":"image\/webp"}],"twitter_card":"summary_large_image","twitter_misc":{"Est. reading time":"1 minute"},"schema":{"@context":"https:\/\/schema.org","@graph":[{"@type":"WebPage","@id":"https:\/\/drthrockmorton.com\/","url":"https:\/\/drthrockmorton.com\/","name":"Fun88 - Link v\u00e0o Fun88 m\u1edbi nh\u1ea5t - \u0110\u0103ng nh\u1eadp nh\u00e0 c\u00e1i Fun88 \u26a1\ufe0f","isPartOf":{"@id":"https:\/\/drthrockmorton.com\/#website"},"primaryImageOfPage":{"@id":"https:\/\/drthrockmorton.com\/#primaryimage"},"image":{"@id":"https:\/\/drthrockmorton.com\/#primaryimage"},"thumbnailUrl":"https:\/\/drthrockmorton.com\/wp-content\/uploads\/2025\/01\/Fun88-banner.webp","datePublished":"2024-07-18T03:12:03+00:00","dateModified":"2025-03-06T07:53:00+00:00","description":"Fun88 l\u00e0 nh\u00e0 c\u00e1i n\u1ed5i ti\u1ebfng trong l\u0129nh v\u1ef1c c\u00e1 c\u01b0\u1ee3c th\u1ec3 thao v\u00e0 casino tr\u1ef1c tuy\u1ebfn. Truy c\u1eadp link v\u00e0o Fun88 m\u1edbi nh\u1ea5t \u0111\u1ec3 c\u0169ng kh\u00e1m ph\u00e1 th\u1ebf gi\u1edbi c\u00e1 c\u01b0\u1ee3c s\u00f4i \u0111\u1ed9ng.","breadcrumb":{"@id":"https:\/\/drthrockmorton.com\/#breadcrumb"},"inLanguage":"en-US","potentialAction":[{"@type":"ReadAction","target":["https:\/\/drthrockmorton.com\/"]}]},{"@type":"ImageObject","inLanguage":"en-US","@id":"https:\/\/drthrockmorton.com\/#primaryimage","url":"https:\/\/drthrockmorton.com\/wp-content\/uploads\/2025\/01\/Fun88-banner.webp","contentUrl":"https:\/\/drthrockmorton.com\/wp-content\/uploads\/2025\/01\/Fun88-banner.webp","width":1920,"height":600,"caption":"Fun88"},{"@type":"BreadcrumbList","@id":"https:\/\/drthrockmorton.com\/#breadcrumb","itemListElement":[{"@type":"ListItem","position":1,"name":"Home","item":"https:\/\/drthrockmorton.com\/"},{"@type":"ListItem","position":2,"name":"Fun88 &#8211; Link v\u00e0o Fun88 m\u1edbi nh\u1ea5t &#8211; \u0110\u0103ng nh\u1eadp nh\u00e0 c\u00e1i Fun88 \u26a1\ufe0f"}]},{"@type":"WebSite","@id":"https:\/\/drthrockmorton.com\/#website","url":"https:\/\/drthrockmorton.com\/","name":"Fun88","description":"","publisher":{"@id":"https:\/\/drthrockmorton.com\/#organization"},"potentialAction":[{"@type":"SearchAction","target":{"@type":"EntryPoint","urlTemplate":"https:\/\/drthrockmorton.com\/?s={search_term_string}"},"query-input":"required name=search_term_string"}],"inLanguage":"en-US"},{"@type":"Organization","@id":"https:\/\/drthrockmorton.com\/#organization","name":"Fun88","url":"https:\/\/drthrockmorton.com\/","logo":{"@type":"ImageObject","inLanguage":"en-US","@id":"https:\/\/drthrockmorton.com\/#\/schema\/logo\/image\/","url":"https:\/\/drthrockmorton.com\/wp-content\/uploads\/2025\/01\/Fun88-logo4.png","contentUrl":"https:\/\/drthrockmorton.com\/wp-content\/uploads\/2025\/01\/Fun88-logo4.png","width":1030,"height":176,"caption":"Fun88"},"image":{"@id":"https:\/\/drthrockmorton.com\/#\/schema\/logo\/image\/"}}]}},"_links":{"self":[{"href":"https:\/\/drthrockmorton.com\/index.php?rest_route=\/wp\/v2\/pages\/8","targetHints":{"allow":["GET"]}}],"collection":[{"href":"https:\/\/drthrockmorton.com\/index.php?rest_route=\/wp\/v2\/pages"}],"about":[{"href":"https:\/\/drthrockmorton.com\/index.php?rest_route=\/wp\/v2\/types\/page"}],"author":[{"embeddable":true,"href":"https:\/\/drthrockmorton.com\/index.php?rest_route=\/wp\/v2\/users\/1"}],"replies":[{"embeddable":true,"href":"https:\/\/drthrockmorton.com\/index.php?rest_route=%2Fwp%2Fv2%2Fcomments&post=8"}],"version-history":[{"count":42,"href":"https:\/\/drthrockmorton.com\/index.php?rest_route=\/wp\/v2\/pages\/8\/revisions"}],"predecessor-version":[{"id":116,"href":"https:\/\/drthrockmorton.com\/index.php?rest_route=\/wp\/v2\/pages\/8\/revisions\/116"}],"wp:featuredmedia":[{"embeddable":true,"href":"https:\/\/drthrockmorton.com\/index.php?rest_route=\/wp\/v2\/media\/81"}],"wp:attachment":[{"href":"https:\/\/drthrockmorton.com\/index.php?rest_route=%2Fwp%2Fv2%2Fmedia&parent=8"}],"curies":[{"name":"wp","href":"https:\/\/api.w.org\/{rel}","templated":true}]}}